{"id":2881,"date":"2021-11-04T14:07:54","date_gmt":"2021-11-04T12:07:54","guid":{"rendered":"https:\/\/www.rexgroup.fi\/malsattning_\/"},"modified":"2021-11-04T14:14:33","modified_gmt":"2021-11-04T12:14:33","slug":"mervarde","status":"publish","type":"page","link":"https:\/\/www.rexgroup.fi\/sv\/mervarde\/","title":{"rendered":"Merv\u00e4rde"},"content":{"rendered":"\t\t<div data-elementor-type=\"wp-page\" data-elementor-id=\"2881\" class=\"elementor elementor-2881 elementor-2877\">\n\t\t\t\t\t\t\t\t\t<section class=\"elementor-section elementor-top-section elementor-element elementor-element-9c2344e elementor-section-full_width elementor-section-stretched elementor-section-height-min-height elementor-section-height-default elementor-section-items-middle\" data-id=\"9c2344e\" data-element_type=\"section\" data-settings=\"{&quot;background_background&quot;:&quot;classic&quot;,&quot;stretch_section&quot;:&quot;section-stretched&quot;}\">\n\t\t\t\t\t\t\t<div class=\"elementor-background-overlay\"><\/div>\n\t\t\t\t\t\t\t<div class=\"elementor-container elementor-column-gap-wide\">\n\t\t\t\t\t<div class=\"elementor-column elementor-col-100 elementor-top-column elementor-element elementor-element-ac06927\" data-id=\"ac06927\" data-element_type=\"column\" data-settings=\"{&quot;background_background&quot;:&quot;classic&quot;}\">\n\t\t\t<div class=\"elementor-widget-wrap elementor-element-populated\">\n\t\t\t\t\t\t\t\t<div class=\"elementor-element elementor-element-5f165b2 elementor-widget elementor-widget-heading\" data-id=\"5f165b2\" data-element_type=\"widget\" data-widget_type=\"heading.default\">\n\t\t\t\t<div class=\"elementor-widget-container\">\n\t\t\t<style>\/*! elementor - v3.8.1 - 13-11-2022 *\/\n.elementor-heading-title{padding:0;margin:0;line-height:1}.elementor-widget-heading .elementor-heading-title[class*=elementor-size-]>a{color:inherit;font-size:inherit;line-height:inherit}.elementor-widget-heading .elementor-heading-title.elementor-size-small{font-size:15px}.elementor-widget-heading .elementor-heading-title.elementor-size-medium{font-size:19px}.elementor-widget-heading .elementor-heading-title.elementor-size-large{font-size:29px}.elementor-widget-heading .elementor-heading-title.elementor-size-xl{font-size:39px}.elementor-widget-heading .elementor-heading-title.elementor-size-xxl{font-size:59px}<\/style><h2 class=\"elementor-heading-title elementor-size-default\">Merv\u00e4rde<\/h2>\t\t<\/div>\n\t\t\t\t<\/div>\n\t\t\t\t<div class=\"elementor-element elementor-element-571cd5d elementor-widget elementor-widget-text-editor\" data-id=\"571cd5d\" data-element_type=\"widget\" data-widget_type=\"text-editor.default\">\n\t\t\t\t<div class=\"elementor-widget-container\">\n\t\t\t<style>\/*! elementor - v3.8.1 - 13-11-2022 *\/\n.elementor-widget-text-editor.elementor-drop-cap-view-stacked .elementor-drop-cap{background-color:#818a91;color:#fff}.elementor-widget-text-editor.elementor-drop-cap-view-framed .elementor-drop-cap{color:#818a91;border:3px solid;background-color:transparent}.elementor-widget-text-editor:not(.elementor-drop-cap-view-default) .elementor-drop-cap{margin-top:8px}.elementor-widget-text-editor:not(.elementor-drop-cap-view-default) .elementor-drop-cap-letter{width:1em;height:1em}.elementor-widget-text-editor .elementor-drop-cap{float:left;text-align:center;line-height:1;font-size:50px}.elementor-widget-text-editor .elementor-drop-cap-letter{display:inline-block}<\/style>\t\t\t\t<p><strong>F\u00f6r fastighets\u00e4garen skapar vi v\u00e4rde bl.a. p\u00e5 f\u00f6ljande s\u00e4tt:<\/strong><\/p>\n<ul>\n<li>En l\u00e5ngsiktig utveckling av fastighetens v\u00e4rde tillsammans med fastighets\u00e4garen.<\/li>\n<li>En utveckling av fastighetens v\u00e4rde genom en reducering av energikostnader och utsl\u00e4pp.<\/li>\n<li>Det som f\u00f6r m\u00e5nga finansi\u00e4rer ter sig som ohanterbar risk, \u00e4r f\u00f6r oss ett beh\u00e4rskat omh\u00e4ndertagande av fastighetens reparationsskuld. Vi \u00e4r meriterade proffs inom byggnads- och fastighetsbranschen. Vi ger fastigheten en ny framtid med m\u00e5nga v\u00e4lavkastande \u00e5r.<\/li>\n<\/ul>\n<p><strong>F\u00f6r fastighetens anv\u00e4ndare:<\/strong><\/p>\n<ul>\n<li>Skr\u00e4ddarsydda aff\u00e4rsutrymmen f\u00f6r f\u00f6retag \u2013 f\u00f6rm\u00e5nligt i en fullt sanerad befintlig fastighet.<\/li>\n<li>En l\u00e5ngsiktig optimering \/ minimering av bruks- och underh\u00e5llskostnader.<\/li>\n<li>En l\u00e5ngsiktig utveckling av s\u00e5v\u00e4l fastigheten som aff\u00e4rsutrymmets omgivning.<\/li>\n<\/ul>\n<p><strong>Vi fokuserar p\u00e5 objekt med ett gott grundl\u00e4ggande kassafl\u00f6de, d\u00e4r en l\u00e5ngsiktig och positiv utvecklingspotential finns.<\/strong><\/p>\n\t\t\t\t\t\t<\/div>\n\t\t\t\t<\/div>\n\t\t\t\t\t<\/div>\n\t\t<\/div>\n\t\t\t\t\t\t\t<\/div>\n\t\t<\/section>\n\t\t\t\t\t\t\t<\/div>\n\t\t","protected":false},"excerpt":{"rendered":"<p>Merv\u00e4rde F\u00f6r fastighets\u00e4garen skapar vi v\u00e4rde bl.a. p\u00e5 f\u00f6ljande s\u00e4tt: En l\u00e5ngsiktig utveckling av fastighetens v\u00e4rde tillsammans med fastighets\u00e4garen. En utveckling av fastighetens v\u00e4rde genom en reducering av energikostnader och utsl\u00e4pp. Det som f\u00f6r m\u00e5nga finansi\u00e4rer ter sig som ohanterbar risk, \u00e4r f\u00f6r oss ett beh\u00e4rskat omh\u00e4ndertagande av fastighetens reparationsskuld. Vi \u00e4r meriterade proffs inom &hellip;<\/p>\n<p class=\"read-more\"> <a class=\"\" href=\"https:\/\/www.rexgroup.fi\/sv\/mervarde\/\"> <span class=\"screen-reader-text\">Merv\u00e4rde<\/span> L\u00e4s mer &raquo;<\/a><\/p>\n","protected":false},"author":1,"featured_media":0,"parent":0,"menu_order":0,"comment_status":"closed","ping_status":"closed","template":"","meta":{"footnotes":""},"class_list":["post-2881","page","type-page","status-publish","hentry"],"_links":{"self":[{"href":"https:\/\/www.rexgroup.fi\/sv\/wp-json\/wp\/v2\/pages\/2881","targetHints":{"allow":["GET"]}}],"collection":[{"href":"https:\/\/www.rexgroup.fi\/sv\/wp-json\/wp\/v2\/pages"}],"about":[{"href":"https:\/\/www.rexgroup.fi\/sv\/wp-json\/wp\/v2\/types\/page"}],"author":[{"embeddable":true,"href":"https:\/\/www.rexgroup.fi\/sv\/wp-json\/wp\/v2\/users\/1"}],"replies":[{"embeddable":true,"href":"https:\/\/www.rexgroup.fi\/sv\/wp-json\/wp\/v2\/comments?post=2881"}],"version-history":[{"count":3,"href":"https:\/\/www.rexgroup.fi\/sv\/wp-json\/wp\/v2\/pages\/2881\/revisions"}],"predecessor-version":[{"id":2888,"href":"https:\/\/www.rexgroup.fi\/sv\/wp-json\/wp\/v2\/pages\/2881\/revisions\/2888"}],"wp:attachment":[{"href":"https:\/\/www.rexgroup.fi\/sv\/wp-json\/wp\/v2\/media?parent=2881"}],"curies":[{"name":"wp","href":"https:\/\/api.w.org\/{rel}","templated":true}]}}