{"id":2964,"date":"2021-11-09T09:25:15","date_gmt":"2021-11-09T07:25:15","guid":{"rendered":"https:\/\/www.rexgroup.fi\/nyheter-2\/"},"modified":"2023-12-13T19:05:31","modified_gmt":"2023-12-13T17:05:31","slug":"nyheter","status":"publish","type":"page","link":"https:\/\/www.rexgroup.fi\/sv\/nyheter\/","title":{"rendered":"Nyheter"},"content":{"rendered":"\t\t<div data-elementor-type=\"wp-page\" data-elementor-id=\"2964\" class=\"elementor elementor-2964 elementor-2949\">\n\t\t\t\t\t\t\t\t\t<section class=\"elementor-section elementor-top-section elementor-element elementor-element-3a4f9c7 elementor-section-boxed elementor-section-height-default elementor-section-height-default\" data-id=\"3a4f9c7\" data-element_type=\"section\">\n\t\t\t\t\t\t<div class=\"elementor-container elementor-column-gap-default\">\n\t\t\t\t\t<header class=\"elementor-column elementor-col-100 elementor-top-column elementor-element elementor-element-f1756c5\" data-id=\"f1756c5\" data-element_type=\"column\">\n\t\t\t<div class=\"elementor-widget-wrap elementor-element-populated\">\n\t\t\t\t\t\t\t\t<div class=\"elementor-element elementor-element-d0ddd6e elementor-widget elementor-widget-heading\" data-id=\"d0ddd6e\" data-element_type=\"widget\" data-widget_type=\"heading.default\">\n\t\t\t\t<div class=\"elementor-widget-container\">\n\t\t\t<style>\/*! elementor - v3.8.1 - 13-11-2022 *\/\n.elementor-heading-title{padding:0;margin:0;line-height:1}.elementor-widget-heading .elementor-heading-title[class*=elementor-size-]>a{color:inherit;font-size:inherit;line-height:inherit}.elementor-widget-heading .elementor-heading-title.elementor-size-small{font-size:15px}.elementor-widget-heading .elementor-heading-title.elementor-size-medium{font-size:19px}.elementor-widget-heading .elementor-heading-title.elementor-size-large{font-size:29px}.elementor-widget-heading .elementor-heading-title.elementor-size-xl{font-size:39px}.elementor-widget-heading .elementor-heading-title.elementor-size-xxl{font-size:59px}<\/style><h2 class=\"elementor-heading-title elementor-size-default\">NYHETER<\/h2>\t\t<\/div>\n\t\t\t\t<\/div>\n\t\t\t\t\t<\/div>\n\t\t<\/header>\n\t\t\t\t\t\t\t<\/div>\n\t\t<\/section>\n\t\t\t\t<section class=\"elementor-section elementor-top-section elementor-element elementor-element-ac32176 elementor-section-boxed elementor-section-height-default elementor-section-height-default\" data-id=\"ac32176\" data-element_type=\"section\">\n\t\t\t\t\t\t<div class=\"elementor-container elementor-column-gap-default\">\n\t\t\t\t\t<div class=\"elementor-column elementor-col-50 elementor-top-column elementor-element elementor-element-ad2489a\" data-id=\"ad2489a\" data-element_type=\"column\">\n\t\t\t<div class=\"elementor-widget-wrap elementor-element-populated\">\n\t\t\t\t\t\t\t\t<div class=\"elementor-element elementor-element-eead15b elementor-widget elementor-widget-image\" data-id=\"eead15b\" data-element_type=\"widget\" data-widget_type=\"image.default\">\n\t\t\t\t<div class=\"elementor-widget-container\">\n\t\t\t<style>\/*! elementor - v3.8.1 - 13-11-2022 *\/\n.elementor-widget-image{text-align:center}.elementor-widget-image a{display:inline-block}.elementor-widget-image a img[src$=\".svg\"]{width:48px}.elementor-widget-image img{vertical-align:middle;display:inline-block}<\/style>\t\t\t\t\t\t\t\t\t\t\t\t<img decoding=\"async\" width=\"768\" height=\"432\" src=\"https:\/\/www.rexgroup.fi\/wp-content\/uploads\/2021\/10\/bakgrundsbild-3-768x432.jpg\" class=\"attachment-medium_large size-medium_large\" alt=\"\" srcset=\"https:\/\/www.rexgroup.fi\/wp-content\/uploads\/2021\/10\/bakgrundsbild-3-768x432.jpg 768w, https:\/\/www.rexgroup.fi\/wp-content\/uploads\/2021\/10\/bakgrundsbild-3-300x169.jpg 300w, https:\/\/www.rexgroup.fi\/wp-content\/uploads\/2021\/10\/bakgrundsbild-3-1024x576.jpg 1024w, https:\/\/www.rexgroup.fi\/wp-content\/uploads\/2021\/10\/bakgrundsbild-3.jpg 1498w\" sizes=\"(max-width: 768px) 100vw, 768px\" \/>\t\t\t\t\t\t\t\t\t\t\t\t\t\t\t<\/div>\n\t\t\t\t<\/div>\n\t\t\t\t\t<\/div>\n\t\t<\/div>\n\t\t\t\t<div class=\"elementor-column elementor-col-50 elementor-top-column elementor-element elementor-element-c416ca0\" data-id=\"c416ca0\" data-element_type=\"column\">\n\t\t\t<div class=\"elementor-widget-wrap elementor-element-populated\">\n\t\t\t\t\t\t\t\t<div class=\"elementor-element elementor-element-411b48d elementor-widget elementor-widget-heading\" data-id=\"411b48d\" data-element_type=\"widget\" data-widget_type=\"heading.default\">\n\t\t\t\t<div class=\"elementor-widget-container\">\n\t\t\t<h2 class=\"elementor-heading-title elementor-size-default\">N\u00e4tsidorna publicerade<\/h2>\t\t<\/div>\n\t\t\t\t<\/div>\n\t\t\t\t<div class=\"elementor-element elementor-element-4e04515 elementor-widget elementor-widget-text-editor\" data-id=\"4e04515\" data-element_type=\"widget\" data-widget_type=\"text-editor.default\">\n\t\t\t\t<div class=\"elementor-widget-container\">\n\t\t\t<style>\/*! elementor - v3.8.1 - 13-11-2022 *\/\n.elementor-widget-text-editor.elementor-drop-cap-view-stacked .elementor-drop-cap{background-color:#818a91;color:#fff}.elementor-widget-text-editor.elementor-drop-cap-view-framed .elementor-drop-cap{color:#818a91;border:3px solid;background-color:transparent}.elementor-widget-text-editor:not(.elementor-drop-cap-view-default) .elementor-drop-cap{margin-top:8px}.elementor-widget-text-editor:not(.elementor-drop-cap-view-default) .elementor-drop-cap-letter{width:1em;height:1em}.elementor-widget-text-editor .elementor-drop-cap{float:left;text-align:center;line-height:1;font-size:50px}.elementor-widget-text-editor .elementor-drop-cap-letter{display:inline-block}<\/style>\t\t\t\t<p>Vi publicerade v\u00e5ra n\u00e4tsidor den 30.10.2021.<\/p>\n<p>Johan Malm har skapat grunden f\u00f6r REX Fastighetsutveckling Ab och d\u00e4rmed \u00e4ven skapat de verksamhetsf\u00f6ruts\u00e4ttningar som beh\u00f6vs f\u00f6r att inleda f\u00f6retagets verksamhet med framg\u00e5ng.<\/p>\t\t\t\t\t\t<\/div>\n\t\t\t\t<\/div>\n\t\t\t\t\t<\/div>\n\t\t<\/div>\n\t\t\t\t\t\t\t<\/div>\n\t\t<\/section>\n\t\t\t\t\t\t\t<\/div>\n\t\t","protected":false},"excerpt":{"rendered":"<p>NYHETER N\u00e4tsidorna publicerade Vi publicerade v\u00e5ra n\u00e4tsidor den 30.10.2021. Johan Malm har skapat grunden f\u00f6r REX Fastighetsutveckling Ab och d\u00e4rmed \u00e4ven skapat de verksamhetsf\u00f6ruts\u00e4ttningar som beh\u00f6vs f\u00f6r att inleda f\u00f6retagets verksamhet med framg\u00e5ng.<\/p>\n","protected":false},"author":1,"featured_media":0,"parent":0,"menu_order":0,"comment_status":"closed","ping_status":"closed","template":"","meta":{"footnotes":""},"class_list":["post-2964","page","type-page","status-publish","hentry"],"_links":{"self":[{"href":"https:\/\/www.rexgroup.fi\/sv\/wp-json\/wp\/v2\/pages\/2964","targetHints":{"allow":["GET"]}}],"collection":[{"href":"https:\/\/www.rexgroup.fi\/sv\/wp-json\/wp\/v2\/pages"}],"about":[{"href":"https:\/\/www.rexgroup.fi\/sv\/wp-json\/wp\/v2\/types\/page"}],"author":[{"embeddable":true,"href":"https:\/\/www.rexgroup.fi\/sv\/wp-json\/wp\/v2\/users\/1"}],"replies":[{"embeddable":true,"href":"https:\/\/www.rexgroup.fi\/sv\/wp-json\/wp\/v2\/comments?post=2964"}],"version-history":[{"count":39,"href":"https:\/\/www.rexgroup.fi\/sv\/wp-json\/wp\/v2\/pages\/2964\/revisions"}],"predecessor-version":[{"id":3102,"href":"https:\/\/www.rexgroup.fi\/sv\/wp-json\/wp\/v2\/pages\/2964\/revisions\/3102"}],"wp:attachment":[{"href":"https:\/\/www.rexgroup.fi\/sv\/wp-json\/wp\/v2\/media?parent=2964"}],"curies":[{"name":"wp","href":"https:\/\/api.w.org\/{rel}","templated":true}]}}